{"id":37,"date":"2026-03-20T17:16:51","date_gmt":"2026-03-20T17:16:51","guid":{"rendered":"https:\/\/hungry-hoover.37-187-145-177.plesk.page\/?page_id=37"},"modified":"2026-04-15T17:42:42","modified_gmt":"2026-04-15T17:42:42","slug":"accueil","status":"publish","type":"page","link":"https:\/\/blog.mats-drapeaux-services.fr\/accueil\/","title":{"rendered":"Accueil"},"content":{"rendered":"\n<div class=\"wp-block-cover alignfull is-dark\" style=\"padding-top:80px;padding-bottom:80px;min-height:520px;aspect-ratio:unset;\"><span aria-hidden=\"true\" class=\"wp-block-cover__background has-background-dim-60\" style=\"background-color:#1a1a2e\"><\/span><div class=\"wp-block-cover__inner-container is-layout-flow wp-block-cover-is-layout-flow\">\n\n<h1 class=\"wp-block-heading has-text-align-center\" style=\"color:#ffffff;font-size:48px;font-weight:700;margin-bottom:20px\">Titre principal du site<\/h1>\n\n\n<p class=\"has-text-align-center\" style=\"color:#e0e0e0;font-size:20px;margin-bottom:40px\">Votre accroche en une ou deux phrases. D\u00e9crivez votre valeur ajout\u00e9e ici.<\/p>\n\n\n<div class=\"wp-block-buttons is-content-justification-center is-layout-flex wp-container-core-buttons-is-layout-1a75adbf wp-block-buttons-is-layout-flex\">\n\n<div class=\"wp-block-button\"><a class=\"wp-block-button__link wp-element-button\" href=\"\/contact\">Nous contacter<\/a><\/div>\n\n\n<div class=\"wp-block-button is-style-outline is-style-outline--1\"><a class=\"wp-block-button__link wp-element-button\" href=\"\/a-propos\" style=\"color:#ffffff;background:transparent;border-color:#ffffff;border-width:2px;font-size:16px;padding-top:14px;padding-bottom:14px;padding-left:32px;padding-right:32px\">En savoir plus<\/a><\/div>\n\n<\/div>\n\n<\/div><\/div>\n\n\n\n<div class=\"wp-block-group alignfull\" style=\"background-color:#f9f9f9;padding-top:70px;padding-bottom:70px\"><div class=\"wp-block-group__inner-container is-layout-constrained wp-container-core-group-is-layout-348e4def wp-block-group-is-layout-constrained\">\n\n<div class=\"wp-block-columns are-vertically-aligned-center is-layout-flex wp-container-core-columns-is-layout-348bed09 wp-block-columns-is-layout-flex\">\n\n<div class=\"wp-block-column is-vertically-aligned-center is-layout-flow wp-block-column-is-layout-flow\">\n\n<h2 class=\"wp-block-heading\" style=\"font-size:36px;font-weight:700;margin-bottom:20px\">\u00c0 propos de nous<\/h2>\n\n\n<p style=\"font-size:17px;line-height:1.8;margin-bottom:16px\">Pr\u00e9sentez votre activit\u00e9, votre histoire ou votre expertise en quelques phrases. Expliquez ce qui vous rend unique et pourquoi vos visiteurs devraient vous faire confiance.<\/p>\n\n\n<p style=\"font-size:17px;line-height:1.8;margin-bottom:30px\">Compl\u00e9tez avec un second paragraphe pour renforcer votre message et d\u00e9velopper votre proposition de valeur.<\/p>\n\n\n<div class=\"wp-block-buttons is-layout-flex wp-block-buttons-is-layout-flex\">\n\n<div class=\"wp-block-button\"><a class=\"wp-block-button__link wp-element-button\" href=\"\/a-propos\">D\u00e9couvrir notre histoire<\/a><\/div>\n\n<\/div>\n\n<\/div>\n\n\n<div class=\"wp-block-column is-vertically-aligned-center is-layout-flow wp-block-column-is-layout-flow\">\n\n<\/div>\n\n<\/div>\n\n<\/div><\/div>\n\n\n\n<div class=\"wp-block-group alignfull\" style=\"padding-top:70px;padding-bottom:70px\"><div class=\"wp-block-group__inner-container is-layout-constrained wp-container-core-group-is-layout-348e4def wp-block-group-is-layout-constrained\">\n\n<h2 class=\"wp-block-heading has-text-align-center\" style=\"font-size:34px;font-weight:700;margin-bottom:12px\">Nos cat\u00e9gories<\/h2>\n\n\n<p class=\"has-text-align-center\" style=\"font-size:17px;margin-bottom:50px\">Explorez nos contenus par th\u00e9matique<\/p>\n\n\n<div class=\"wp-block-columns is-layout-flex wp-container-core-columns-is-layout-019f8f99 wp-block-columns-is-layout-flex\">\n\n<div class=\"wp-block-column is-layout-flow wp-block-column-is-layout-flow\">\n\n<div class=\"wp-block-group\" style=\"border-radius:12px;border:1px solid #e5e5e5;background-color:#ffffff;padding-top:32px;padding-bottom:32px;padding-left:24px;padding-right:24px\"><div class=\"wp-block-group__inner-container is-layout-constrained wp-container-core-group-is-layout-14734b6c wp-block-group-is-layout-constrained\">\n\n<p class=\"has-text-align-center\" style=\"font-size:40px;margin-bottom:16px\">\ud83d\udcc2<\/p>\n\n\n<h3 class=\"wp-block-heading has-text-align-center\" style=\"font-size:20px;font-weight:600;margin-bottom:10px\">Cat\u00e9gorie 1<\/h3>\n\n\n<p class=\"has-text-align-center\" style=\"color:#666666;font-size:15px\">Description courte de cette cat\u00e9gorie en une ou deux phrases.<\/p>\n\n\n<div class=\"wp-block-buttons is-content-justification-center is-layout-flex wp-container-core-buttons-is-layout-a1cdf876 wp-block-buttons-is-layout-flex\" style=\"margin-top:20px\">\n\n<div class=\"wp-block-button is-style-outline is-style-outline--2\"><a class=\"wp-block-button__link wp-element-button\" href=\"\/categorie\/categorie-1\">Voir les articles<\/a><\/div>\n\n<\/div>\n\n<\/div><\/div>\n\n<\/div>\n\n\n<div class=\"wp-block-column is-layout-flow wp-block-column-is-layout-flow\">\n\n<div class=\"wp-block-group\" style=\"border-radius:12px;border:1px solid #e5e5e5;background-color:#ffffff;padding-top:32px;padding-bottom:32px;padding-left:24px;padding-right:24px\"><div class=\"wp-block-group__inner-container is-layout-constrained wp-container-core-group-is-layout-14734b6c wp-block-group-is-layout-constrained\">\n\n<p class=\"has-text-align-center\" style=\"font-size:40px;margin-bottom:16px\">\ud83d\udcc2<\/p>\n\n\n<h3 class=\"wp-block-heading has-text-align-center\" style=\"font-size:20px;font-weight:600;margin-bottom:10px\">Cat\u00e9gorie 2<\/h3>\n\n\n<p class=\"has-text-align-center\" style=\"color:#666666;font-size:15px\">Description courte de cette cat\u00e9gorie en une ou deux phrases.<\/p>\n\n\n<div class=\"wp-block-buttons is-content-justification-center is-layout-flex wp-container-core-buttons-is-layout-a1cdf876 wp-block-buttons-is-layout-flex\" style=\"margin-top:20px\">\n\n<div class=\"wp-block-button is-style-outline is-style-outline--3\"><a class=\"wp-block-button__link wp-element-button\" href=\"\/categorie\/categorie-2\">Voir les articles<\/a><\/div>\n\n<\/div>\n\n<\/div><\/div>\n\n<\/div>\n\n\n<div class=\"wp-block-column is-layout-flow wp-block-column-is-layout-flow\">\n\n<div class=\"wp-block-group\" style=\"border-radius:12px;border:1px solid #e5e5e5;background-color:#ffffff;padding-top:32px;padding-bottom:32px;padding-left:24px;padding-right:24px\"><div class=\"wp-block-group__inner-container is-layout-constrained wp-container-core-group-is-layout-14734b6c wp-block-group-is-layout-constrained\">\n\n<p class=\"has-text-align-center\" style=\"font-size:40px;margin-bottom:16px\">\ud83d\udcc2<\/p>\n\n\n<h3 class=\"wp-block-heading has-text-align-center\" style=\"font-size:20px;font-weight:600;margin-bottom:10px\">Cat\u00e9gorie 3<\/h3>\n\n\n<p class=\"has-text-align-center\" style=\"color:#666666;font-size:15px\">Description courte de cette cat\u00e9gorie en une ou deux phrases.<\/p>\n\n\n<div class=\"wp-block-buttons is-content-justification-center is-layout-flex wp-container-core-buttons-is-layout-a1cdf876 wp-block-buttons-is-layout-flex\" style=\"margin-top:20px\">\n\n<div class=\"wp-block-button is-style-outline is-style-outline--4\"><a class=\"wp-block-button__link wp-element-button\" href=\"\/categorie\/categorie-3\">Voir les articles<\/a><\/div>\n\n<\/div>\n\n<\/div><\/div>\n\n<\/div>\n\n\n<div class=\"wp-block-column is-layout-flow wp-block-column-is-layout-flow\">\n\n<div class=\"wp-block-group\" style=\"border-radius:12px;border:1px solid #e5e5e5;background-color:#ffffff;padding-top:32px;padding-bottom:32px;padding-left:24px;padding-right:24px\"><div class=\"wp-block-group__inner-container is-layout-constrained wp-container-core-group-is-layout-14734b6c wp-block-group-is-layout-constrained\">\n\n<p class=\"has-text-align-center\" style=\"font-size:40px;margin-bottom:16px\">\ud83d\udcc2<\/p>\n\n\n<h3 class=\"wp-block-heading has-text-align-center\" style=\"font-size:20px;font-weight:600;margin-bottom:10px\">Cat\u00e9gorie 4<\/h3>\n\n\n<p class=\"has-text-align-center\" style=\"color:#666666;font-size:15px\">Description courte de cette cat\u00e9gorie en une ou deux phrases.<\/p>\n\n\n<div class=\"wp-block-buttons is-content-justification-center is-layout-flex wp-container-core-buttons-is-layout-a1cdf876 wp-block-buttons-is-layout-flex\" style=\"margin-top:20px\">\n\n<div class=\"wp-block-button is-style-outline is-style-outline--5\"><a class=\"wp-block-button__link wp-element-button\" href=\"\/categorie\/categorie-4\">Voir les articles<\/a><\/div>\n\n<\/div>\n\n<\/div><\/div>\n\n<\/div>\n\n<\/div>\n\n<\/div><\/div>\n\n\n\n<div class=\"wp-block-group alignfull\" style=\"background-color:#f0f4ff;padding-top:70px;padding-bottom:70px\"><div class=\"wp-block-group__inner-container is-layout-constrained wp-container-core-group-is-layout-348e4def wp-block-group-is-layout-constrained\">\n\n<h2 class=\"wp-block-heading has-text-align-center\" style=\"font-size:34px;font-weight:700;margin-bottom:12px\">Nos points forts<\/h2>\n\n\n<p class=\"has-text-align-center\" style=\"font-size:17px;margin-bottom:50px\">Ce qui fait notre diff\u00e9rence<\/p>\n\n\n<div class=\"wp-block-columns is-layout-flex wp-container-core-columns-is-layout-8f6a528b wp-block-columns-is-layout-flex\">\n\n<div class=\"wp-block-column is-layout-flow wp-block-column-is-layout-flow\">\n\n<div class=\"wp-block-group\" style=\"border-radius:12px;background-color:#ffffff;padding-top:36px;padding-bottom:36px;padding-left:28px;padding-right:28px\"><div class=\"wp-block-group__inner-container is-layout-constrained wp-container-core-group-is-layout-8910e018 wp-block-group-is-layout-constrained\">\n\n<p style=\"font-size:42px;margin-bottom:16px\">\u2b50<\/p>\n\n\n<h3 class=\"wp-block-heading\" style=\"font-size:20px;font-weight:600;margin-bottom:12px\">Point fort 1<\/h3>\n\n\n<p style=\"color:#555555;font-size:15px;line-height:1.7\">Description de ce point fort. Expliquez en quoi c&rsquo;est un avantage concret pour vos visiteurs.<\/p>\n\n<\/div><\/div>\n\n<\/div>\n\n\n<div class=\"wp-block-column is-layout-flow wp-block-column-is-layout-flow\">\n\n<div class=\"wp-block-group\" style=\"border-radius:12px;background-color:#ffffff;padding-top:36px;padding-bottom:36px;padding-left:28px;padding-right:28px\"><div class=\"wp-block-group__inner-container is-layout-constrained wp-container-core-group-is-layout-8910e018 wp-block-group-is-layout-constrained\">\n\n<p style=\"font-size:42px;margin-bottom:16px\">\ud83c\udfaf<\/p>\n\n\n<h3 class=\"wp-block-heading\" style=\"font-size:20px;font-weight:600;margin-bottom:12px\">Point fort 2<\/h3>\n\n\n<p style=\"color:#555555;font-size:15px;line-height:1.7\">Description de ce point fort. Expliquez en quoi c&rsquo;est un avantage concret pour vos visiteurs.<\/p>\n\n<\/div><\/div>\n\n<\/div>\n\n\n<div class=\"wp-block-column is-layout-flow wp-block-column-is-layout-flow\">\n\n<div class=\"wp-block-group\" style=\"border-radius:12px;background-color:#ffffff;padding-top:36px;padding-bottom:36px;padding-left:28px;padding-right:28px\"><div class=\"wp-block-group__inner-container is-layout-constrained wp-container-core-group-is-layout-8910e018 wp-block-group-is-layout-constrained\">\n\n<p style=\"font-size:42px;margin-bottom:16px\">\ud83d\udca1<\/p>\n\n\n<h3 class=\"wp-block-heading\" style=\"font-size:20px;font-weight:600;margin-bottom:12px\">Point fort 3<\/h3>\n\n\n<p style=\"color:#555555;font-size:15px;line-height:1.7\">Description de ce point fort. Expliquez en quoi c&rsquo;est un avantage concret pour vos visiteurs.<\/p>\n\n<\/div><\/div>\n\n<\/div>\n\n<\/div>\n\n<\/div><\/div>\n\n\n\n<div class=\"wp-block-group alignfull\" style=\"padding-top:70px;padding-bottom:70px\"><div class=\"wp-block-group__inner-container is-layout-constrained wp-container-core-group-is-layout-348e4def wp-block-group-is-layout-constrained\">\n\n<h2 class=\"wp-block-heading has-text-align-center\" style=\"font-size:34px;font-weight:700;margin-bottom:12px\">Derniers articles<\/h2>\n\n\n<p class=\"has-text-align-center\" style=\"font-size:17px;margin-bottom:50px\">Retrouvez nos derni\u00e8res publications<\/p>\n\n\n<div class=\"wp-block-query is-layout-flow wp-block-query-is-layout-flow\">\n<ul class=\"columns-3 wp-block-post-template is-layout-grid wp-container-core-post-template-is-layout-2fc57c17 wp-block-post-template-is-layout-grid\"><li class=\"wp-block-post post-152 post type-post status-publish format-standard has-post-thumbnail hentry category-territoires-pavoisement\">\n\n<div class=\"wp-block-group\" style=\"border-radius:12px;border:1px solid #e5e5e5;background-color:#ffffff;padding-bottom:24px;overflow:hidden\"><div class=\"wp-block-group__inner-container is-layout-constrained wp-container-core-group-is-layout-f4b7718a wp-block-group-is-layout-constrained\">\n<figure class=\"wp-block-post-featured-image\"><a href=\"https:\/\/blog.mats-drapeaux-services.fr\/marketing-territorial-collectivite\/\" target=\"_self\"  ><img loading=\"lazy\" decoding=\"async\" width=\"1344\" height=\"768\" src=\"https:\/\/blog.mats-drapeaux-services.fr\/wp-content\/uploads\/2026\/05\/Marketing-territorial-quand-la-collectivite-devient-annonceur.jpg\" class=\"attachment-post-thumbnail size-post-thumbnail wp-post-image\" alt=\"Marketing territorial : quand la collectivit\u00e9 devient annonceur\" style=\"border-radius:0px;object-fit:cover;\" srcset=\"https:\/\/blog.mats-drapeaux-services.fr\/wp-content\/uploads\/2026\/05\/Marketing-territorial-quand-la-collectivite-devient-annonceur.jpg 1344w, https:\/\/blog.mats-drapeaux-services.fr\/wp-content\/uploads\/2026\/05\/Marketing-territorial-quand-la-collectivite-devient-annonceur-300x171.jpg 300w, https:\/\/blog.mats-drapeaux-services.fr\/wp-content\/uploads\/2026\/05\/Marketing-territorial-quand-la-collectivite-devient-annonceur-1024x585.jpg 1024w, https:\/\/blog.mats-drapeaux-services.fr\/wp-content\/uploads\/2026\/05\/Marketing-territorial-quand-la-collectivite-devient-annonceur-768x439.jpg 768w\" sizes=\"auto, (max-width: 1344px) 100vw, 1344px\" \/><\/a><\/figure>\n\n<div class=\"wp-block-group\" style=\"padding-top:20px;padding-left:20px;padding-right:20px\"><div class=\"wp-block-group__inner-container is-layout-flow wp-block-group-is-layout-flow\">\n<div style=\"color:#888888;font-size:13px;margin-bottom:8px\" class=\"taxonomy-category wp-block-post-terms has-text-color\"><a href=\"https:\/\/blog.mats-drapeaux-services.fr\/category\/territoires-pavoisement\/\" rel=\"tag\">Territoires &amp; Pavoisement<\/a><\/div>\n<h2 style=\"font-size:18px;font-weight:600; margin-bottom:10px;\" class=\"wp-block-post-title\"><a href=\"https:\/\/blog.mats-drapeaux-services.fr\/marketing-territorial-collectivite\/\" target=\"_self\" >Marketing territorial : quand la collectivit\u00e9 devient annonceur<\/a><\/h2>\n<div style=\"color:#666666; font-size:14px;\" class=\"wp-block-post-excerpt has-text-color\"><p class=\"wp-block-post-excerpt__excerpt\">En bref Pourquoi le marketing territorial d\u00e9marre avant la campagne : l\u2019offre, sinon rien Quand une collectivit\u00e9 d\u00e9cide de \u201cfaire de l\u2019attractivit\u00e9\u201d, le r\u00e9flexe le plus courant consiste \u00e0 ouvrir un chantier de communication. Site vitrine, vid\u00e9o manifeste, campagne d\u2019affichage, dossier de presse. Le probl\u00e8me, c\u2019est que le marketing territorial commence souvent ailleurs : sur\u2026 <\/p><\/div>\n<div style=\"color:#999999; font-size:13px; margin-top:12px;\" class=\"wp-block-post-date has-text-color\"><time datetime=\"2026-05-13T17:07:58+00:00\">13 mai 2026<\/time><\/div>\n<\/div><\/div>\n\n<\/div><\/div>\n\n<\/li><li class=\"wp-block-post post-149 post type-post status-publish format-standard has-post-thumbnail hentry category-signaletique-evenementiel\">\n\n<div class=\"wp-block-group\" style=\"border-radius:12px;border:1px solid #e5e5e5;background-color:#ffffff;padding-bottom:24px;overflow:hidden\"><div class=\"wp-block-group__inner-container is-layout-constrained wp-container-core-group-is-layout-f4b7718a wp-block-group-is-layout-constrained\">\n<figure class=\"wp-block-post-featured-image\"><a href=\"https:\/\/blog.mats-drapeaux-services.fr\/tourisme-signaletique-villes\/\" target=\"_self\"  ><img loading=\"lazy\" decoding=\"async\" width=\"1344\" height=\"768\" src=\"https:\/\/blog.mats-drapeaux-services.fr\/wp-content\/uploads\/2026\/05\/Tourisme-et-signaletique-daccueil-codes-graphiques-des-villes-attractives.jpg\" class=\"attachment-post-thumbnail size-post-thumbnail wp-post-image\" alt=\"Tourisme et signal\u00e9tique d&rsquo;accueil : codes graphiques des villes attractives\" style=\"border-radius:0px;object-fit:cover;\" srcset=\"https:\/\/blog.mats-drapeaux-services.fr\/wp-content\/uploads\/2026\/05\/Tourisme-et-signaletique-daccueil-codes-graphiques-des-villes-attractives.jpg 1344w, https:\/\/blog.mats-drapeaux-services.fr\/wp-content\/uploads\/2026\/05\/Tourisme-et-signaletique-daccueil-codes-graphiques-des-villes-attractives-300x171.jpg 300w, https:\/\/blog.mats-drapeaux-services.fr\/wp-content\/uploads\/2026\/05\/Tourisme-et-signaletique-daccueil-codes-graphiques-des-villes-attractives-1024x585.jpg 1024w, https:\/\/blog.mats-drapeaux-services.fr\/wp-content\/uploads\/2026\/05\/Tourisme-et-signaletique-daccueil-codes-graphiques-des-villes-attractives-768x439.jpg 768w\" sizes=\"auto, (max-width: 1344px) 100vw, 1344px\" \/><\/a><\/figure>\n\n<div class=\"wp-block-group\" style=\"padding-top:20px;padding-left:20px;padding-right:20px\"><div class=\"wp-block-group__inner-container is-layout-flow wp-block-group-is-layout-flow\">\n<div style=\"color:#888888;font-size:13px;margin-bottom:8px\" class=\"taxonomy-category wp-block-post-terms has-text-color\"><a href=\"https:\/\/blog.mats-drapeaux-services.fr\/category\/signaletique-evenementiel\/\" rel=\"tag\">Signal\u00e9tique &amp; \u00c9v\u00e9nementiel<\/a><\/div>\n<h2 style=\"font-size:18px;font-weight:600; margin-bottom:10px;\" class=\"wp-block-post-title\"><a href=\"https:\/\/blog.mats-drapeaux-services.fr\/tourisme-signaletique-villes\/\" target=\"_self\" >Tourisme et signal\u00e9tique d&rsquo;accueil : codes graphiques des villes attractives<\/a><\/h2>\n<div style=\"color:#666666; font-size:14px;\" class=\"wp-block-post-excerpt has-text-color\"><p class=\"wp-block-post-excerpt__excerpt\">En bref Comment la signal\u00e9tique d\u2019accueil am\u00e9liore l\u2019exp\u00e9rience visiteur dans les villes attractives \u00c0 l\u2019\u00e9chelle d\u2019une destination, l\u2019accueil ne commence pas au comptoir de l\u2019office de tourisme. Il commence au premier carrefour, \u00e0 la sortie d\u2019une gare, au pied d\u2019un parking relais, parfois m\u00eame sur une bretelle d\u2019acc\u00e8s o\u00f9 l\u2019on d\u00e9cide en quelques secondes si\u2026 <\/p><\/div>\n<div style=\"color:#999999; font-size:13px; margin-top:12px;\" class=\"wp-block-post-date has-text-color\"><time datetime=\"2026-05-13T17:07:31+00:00\">13 mai 2026<\/time><\/div>\n<\/div><\/div>\n\n<\/div><\/div>\n\n<\/li><li class=\"wp-block-post post-146 post type-post status-publish format-standard has-post-thumbnail hentry category-branding-tendances\">\n\n<div class=\"wp-block-group\" style=\"border-radius:12px;border:1px solid #e5e5e5;background-color:#ffffff;padding-bottom:24px;overflow:hidden\"><div class=\"wp-block-group__inner-container is-layout-constrained wp-container-core-group-is-layout-f4b7718a wp-block-group-is-layout-constrained\">\n<figure class=\"wp-block-post-featured-image\"><a href=\"https:\/\/blog.mats-drapeaux-services.fr\/mobilier-urbain-communication\/\" target=\"_self\"  ><img loading=\"lazy\" decoding=\"async\" width=\"1344\" height=\"768\" src=\"https:\/\/blog.mats-drapeaux-services.fr\/wp-content\/uploads\/2026\/05\/Le-mobilier-urbain-comme-support-de-communication.jpg\" class=\"attachment-post-thumbnail size-post-thumbnail wp-post-image\" alt=\"Le mobilier urbain comme support de communication\" style=\"border-radius:0px;object-fit:cover;\" srcset=\"https:\/\/blog.mats-drapeaux-services.fr\/wp-content\/uploads\/2026\/05\/Le-mobilier-urbain-comme-support-de-communication.jpg 1344w, https:\/\/blog.mats-drapeaux-services.fr\/wp-content\/uploads\/2026\/05\/Le-mobilier-urbain-comme-support-de-communication-300x171.jpg 300w, https:\/\/blog.mats-drapeaux-services.fr\/wp-content\/uploads\/2026\/05\/Le-mobilier-urbain-comme-support-de-communication-1024x585.jpg 1024w, https:\/\/blog.mats-drapeaux-services.fr\/wp-content\/uploads\/2026\/05\/Le-mobilier-urbain-comme-support-de-communication-768x439.jpg 768w\" sizes=\"auto, (max-width: 1344px) 100vw, 1344px\" \/><\/a><\/figure>\n\n<div class=\"wp-block-group\" style=\"padding-top:20px;padding-left:20px;padding-right:20px\"><div class=\"wp-block-group__inner-container is-layout-flow wp-block-group-is-layout-flow\">\n<div style=\"color:#888888;font-size:13px;margin-bottom:8px\" class=\"taxonomy-category wp-block-post-terms has-text-color\"><a href=\"https:\/\/blog.mats-drapeaux-services.fr\/category\/branding-tendances\/\" rel=\"tag\">Branding &amp; Tendances<\/a><\/div>\n<h2 style=\"font-size:18px;font-weight:600; margin-bottom:10px;\" class=\"wp-block-post-title\"><a href=\"https:\/\/blog.mats-drapeaux-services.fr\/mobilier-urbain-communication\/\" target=\"_self\" >Le mobilier urbain comme support de communication<\/a><\/h2>\n<div style=\"color:#666666; font-size:14px;\" class=\"wp-block-post-excerpt has-text-color\"><p class=\"wp-block-post-excerpt__excerpt\">En bref Quand on traverse une ville en mode automatique, ce qui accroche l\u2019\u0153il n\u2019est pas toujours un grand panneau 4&#215;3. Souvent, ce sont des supports \u201c\u00e0 hauteur d\u2019usage\u201d : un abribus, une colonne, un m\u00e2t, un totem de quartier. L\u2019enjeu est simple : comprendre comment le mobilier urbain devient un m\u00e9dia, sans casser sa\u2026 <\/p><\/div>\n<div style=\"color:#999999; font-size:13px; margin-top:12px;\" class=\"wp-block-post-date has-text-color\"><time datetime=\"2026-05-13T17:05:24+00:00\">13 mai 2026<\/time><\/div>\n<\/div><\/div>\n\n<\/div><\/div>\n\n<\/li><\/ul>\n\n<\/div>\n\n\n<div class=\"wp-block-buttons is-content-justification-center is-layout-flex wp-container-core-buttons-is-layout-bd8c938b wp-block-buttons-is-layout-flex\" style=\"margin-top:40px\">\n\n<div class=\"wp-block-button is-style-outline is-style-outline--6\"><a class=\"wp-block-button__link wp-element-button\" href=\"\/blog\">Voir tous les articles<\/a><\/div>\n\n<\/div>\n\n<\/div><\/div>\n\n\n\n<div class=\"wp-block-cover alignfull is-dark\" style=\"padding-top:80px;padding-bottom:80px\"><span aria-hidden=\"true\" class=\"wp-block-cover__background has-background-dim-90\" style=\"background-color:#1a1a2e\"><\/span><div class=\"wp-block-cover__inner-container is-layout-flow wp-block-cover-is-layout-flow\">\n\n<h2 class=\"wp-block-heading has-text-align-center\" style=\"color:#ffffff;font-size:36px;font-weight:700;margin-bottom:16px\">Vous avez un projet ?<\/h2>\n\n\n<p class=\"has-text-align-center\" style=\"color:#e0e0e0;font-size:18px;margin-bottom:36px\">Contactez-nous d\u00e8s aujourd&rsquo;hui et discutons ensemble de vos besoins.<\/p>\n\n\n<div class=\"wp-block-buttons is-content-justification-center is-layout-flex wp-container-core-buttons-is-layout-16018d1d wp-block-buttons-is-layout-flex\">\n\n<div class=\"wp-block-button\"><a class=\"wp-block-button__link wp-element-button\" href=\"\/contact\" style=\"font-size:16px;padding-top:14px;padding-bottom:14px;padding-left:36px;padding-right:36px\">Contactez-nous<\/a><\/div>\n\n<\/div>\n\n<\/div><\/div>\n","protected":false},"excerpt":{"rendered":"<p>\u00c0 propos de nous Pr\u00e9sentez votre activit\u00e9, votre histoire ou votre expertise en quelques phrases. Expliquez ce qui vous rend unique et pourquoi vos visiteurs devraient vous faire confiance. Compl\u00e9tez avec un second paragraphe pour renforcer votre message et d\u00e9velopper votre proposition de valeur. Nos cat\u00e9gories Explorez nos contenus par th\u00e9matique \ud83d\udcc2 Cat\u00e9gorie 1 Description &#8230; <a title=\"Accueil\" class=\"read-more\" href=\"https:\/\/blog.mats-drapeaux-services.fr\/accueil\/\" aria-label=\"En savoir plus sur Accueil\">Lire la suite<\/a><\/p>\n","protected":false},"author":1,"featured_media":0,"parent":0,"menu_order":0,"comment_status":"closed","ping_status":"closed","template":"","meta":{"footnotes":""},"class_list":["post-37","page","type-page","status-publish"],"_links":{"self":[{"href":"https:\/\/blog.mats-drapeaux-services.fr\/wp-json\/wp\/v2\/pages\/37","targetHints":{"allow":["GET"]}}],"collection":[{"href":"https:\/\/blog.mats-drapeaux-services.fr\/wp-json\/wp\/v2\/pages"}],"about":[{"href":"https:\/\/blog.mats-drapeaux-services.fr\/wp-json\/wp\/v2\/types\/page"}],"author":[{"embeddable":true,"href":"https:\/\/blog.mats-drapeaux-services.fr\/wp-json\/wp\/v2\/users\/1"}],"replies":[{"embeddable":true,"href":"https:\/\/blog.mats-drapeaux-services.fr\/wp-json\/wp\/v2\/comments?post=37"}],"version-history":[{"count":2,"href":"https:\/\/blog.mats-drapeaux-services.fr\/wp-json\/wp\/v2\/pages\/37\/revisions"}],"predecessor-version":[{"id":39,"href":"https:\/\/blog.mats-drapeaux-services.fr\/wp-json\/wp\/v2\/pages\/37\/revisions\/39"}],"wp:attachment":[{"href":"https:\/\/blog.mats-drapeaux-services.fr\/wp-json\/wp\/v2\/media?parent=37"}],"curies":[{"name":"wp","href":"https:\/\/api.w.org\/{rel}","templated":true}]}}